{"id":937,"date":"2020-09-03T17:13:38","date_gmt":"2020-09-03T15:13:38","guid":{"rendered":"https:\/\/www.vsible.it\/gaming\/?page_id=937"},"modified":"2020-09-24T23:11:59","modified_gmt":"2020-09-24T21:11:59","slug":"rebel","status":"publish","type":"page","link":"https:\/\/www.vsible.it\/gaming\/pc-amd\/rebel\/","title":{"rendered":"REBEL"},"content":{"rendered":"\t\t<div data-elementor-type=\"wp-page\" data-elementor-id=\"937\" class=\"elementor elementor-937\" data-elementor-settings=\"[]\">\n\t\t\t\t\t\t<div class=\"elementor-inner\">\n\t\t\t\t\t\t\t<div class=\"elementor-section-wrap\">\n\t\t\t\t\t\t\t<section class=\"elementor-section elementor-top-section elementor-element elementor-element-4ace4313 elementor-section-full_width elementor-section-height-default elementor-section-height-default\" data-id=\"4ace4313\" data-element_type=\"section\">\n\t\t\t\t\t\t<div class=\"elementor-container elementor-column-gap-no\">\n\t\t\t\t\t\t\t<div class=\"elementor-row\">\n\t\t\t\t\t<div class=\"elementor-column elementor-col-100 elementor-top-column elementor-element elementor-element-4449fbab\" data-id=\"4449fbab\" data-element_type=\"column\">\n\t\t\t<div class=\"elementor-column-wrap elementor-element-populated\">\n\t\t\t\t\t\t\t<div class=\"elementor-widget-wrap\">\n\t\t\t\t\t\t<div class=\"elementor-element elementor-element-740a58f2 elementor-widget elementor-widget-about_with_counter\" data-id=\"740a58f2\" data-element_type=\"widget\" data-widget_type=\"about_with_counter.default\">\n\t\t\t\t<div class=\"elementor-widget-container\">\n\t\t\t\r\n        <section class=\"new-about-area pt-120 pb-120\">\r\n            <div class=\"container\">\r\n                <div class=\"row align-items-center\">\r\n                    <div class=\"col-lg-6\">\r\n                        <div class=\"new-about-img\">\r\n                            <img src=\"https:\/\/www.vsible.it\/gaming\/wp-content\/uploads\/2020\/09\/reb.png\" alt=\"Video background\">\r\n                            <div class=\"new-about-video\">\r\n                                <a href=\"\" class=\"popup-video\"><img src=\"https:\/\/www.vsible.it\/gaming\/wp-content\/themes\/geco\/assets\/images\/icon\/play_btn.png\"  alt=\"Play\"><\/a>\r\n                            <\/div>\r\n                            <div class=\"new-about-shape\">\r\n                                <img src=\"https:\/\/www.vsible.it\/gaming\/wp-content\/plugins\/geco-aide\/public\/assets\/images\/new_about_shape.png\" alt=\"shape\">\r\n                            <\/div>\r\n                        <\/div>\r\n                    <\/div>\r\n                    <div class=\"col-lg-6 new-about-padding\">\r\n                        <div class=\"section-title title-style-three mb-40\">\r\n                            <h2>PREZZO <span> .1.279,00 \u20ac<\/span><\/h2>\r\n                            <p>acquistabile anche a rate<\/p>\r\n                        <\/div>\r\n                        <div class=\"new-about-content\">\r\n                            <h5><\/h5>\r\n                            <p>Perch\u00e9 lui \u00e8 RIBELLE e potenza ne ha da vendere!\n\nNato dalla collaborazione con XFILE 360e Cast Informatica, questa build \u00e8 il top che si possa avere!<\/p>\r\n                            <a href=\"https:\/\/castinformatica.it\/xfile-360-edition\/8052-gaming-cast-xfile-360-rig-rx-5600xt-ryzen-5-3600-2x8gb-ssd-256gb-2tb-noua-cool-g7.html?aff=y202&#038;utm_source=web&#038;utm_medium=Ghela&#038;utm_campaign=vsible\" class=\"btn btn-style-two\" target=\"_blank\">compra sul sito di CAST<\/a>\r\n                        <\/div>\r\n                                                    <div class=\"new-about-fact\">\r\n                                <ul>\r\n                                                                        <li>\r\n                                        <div class=\"about-fact-item\">\r\n                                            <div class=\"about-fact-icon\">\r\n                                                <img src=\"https:\/\/www.vsible.it\/gaming\/wp-content\/uploads\/2020\/09\/TOMB-RAIDER.jpg\" alt=\"icon\">\r\n                                            <\/div>\r\n                                            <div class=\"about-fact-content\">\r\n                                                <h2>\r\n                                                    <span class=\"odometer\" data-count=\"150\">00<\/span>\r\n                                                    +                                                <\/h2>\r\n                                                <span>in 1080p<\/span>\r\n                                            <\/div>\r\n                                        <\/div>\r\n                                    <\/li>\r\n                                                                        <li>\r\n                                        <div class=\"about-fact-item\">\r\n                                            <div class=\"about-fact-icon\">\r\n                                                <img src=\"https:\/\/www.vsible.it\/gaming\/wp-content\/uploads\/2020\/09\/rainbow-6.jpg\" alt=\"icon\">\r\n                                            <\/div>\r\n                                            <div class=\"about-fact-content\">\r\n                                                <h2>\r\n                                                    <span class=\"odometer\" data-count=\"100\">00<\/span>\r\n                                                    +                                                <\/h2>\r\n                                                <span>in 1080p<\/span>\r\n                                            <\/div>\r\n                                        <\/div>\r\n                                    <\/li>\r\n                                                                        <li>\r\n                                        <div class=\"about-fact-item\">\r\n                                            <div class=\"about-fact-icon\">\r\n                                                <img src=\"https:\/\/www.vsible.it\/gaming\/wp-content\/uploads\/2020\/08\/4.png\" alt=\"icon\">\r\n                                            <\/div>\r\n                                            <div class=\"about-fact-content\">\r\n                                                <h2>\r\n                                                    <span class=\"odometer\" data-count=\"150\">00<\/span>\r\n                                                    +                                                <\/h2>\r\n                                                <span>in 1080p<\/span>\r\n                                            <\/div>\r\n                                        <\/div>\r\n                                    <\/li>\r\n                                                                    <\/ul>\r\n                            <\/div>\r\n                                            <\/div>\r\n                <\/div>\r\n            <\/div>\r\n        <\/section>\r\n\r\n      \t\t<\/div>\n\t\t\t\t<\/div>\n\t\t\t\t\t\t<\/div>\n\t\t\t\t\t<\/div>\n\t\t<\/div>\n\t\t\t\t\t\t\t\t<\/div>\n\t\t\t\t\t<\/div>\n\t\t<\/section>\n\t\t\t\t<section class=\"elementor-section elementor-top-section elementor-element elementor-element-3702409a elementor-section-full_width elementor-section-height-default elementor-section-height-default\" data-id=\"3702409a\" data-element_type=\"section\">\n\t\t\t\t\t\t<div class=\"elementor-container elementor-column-gap-no\">\n\t\t\t\t\t\t\t<div class=\"elementor-row\">\n\t\t\t\t\t<div class=\"elementor-column elementor-col-100 elementor-top-column elementor-element elementor-element-18990ac2\" data-id=\"18990ac2\" data-element_type=\"column\">\n\t\t\t<div class=\"elementor-column-wrap elementor-element-populated\">\n\t\t\t\t\t\t\t<div class=\"elementor-widget-wrap\">\n\t\t\t\t\t\t<div class=\"elementor-element elementor-element-6d400d41 elementor-widget elementor-widget-latest_matches\" data-id=\"6d400d41\" data-element_type=\"widget\" data-widget_type=\"latest_matches.default\">\n\t\t\t\t<div class=\"elementor-widget-container\">\n\t\t\t\r\n       <section class=\"latest-match-area latest-match-bg pt-115 pb-90\">\r\n           <div class=\"container\">\r\n               <div class=\"row justify-content-center\">\r\n                   <div class=\"col-xl-6 col-lg-8\">\r\n                       <div class=\"section-title title-style-three white-title text-center mb-70\">\r\n                           <h2>COMPONENTI<\/h2>\r\n                           <p><\/p>\r\n                       <\/div>\r\n                   <\/div>\r\n               <\/div>\r\n               <div class=\"row\">\r\n\r\n                                          <div class=\"col-lg-6\">\r\n                           <div class=\"latest-match-box mb-30\">\r\n                               <div class=\"latest-match-thumb\">\r\n                                   <img src=\"https:\/\/www.vsible.it\/gaming\/wp-content\/uploads\/2020\/08\/icon_COMPUTER_CASE.png\" alt=\"\">\r\n                               <\/div>\r\n                               <div class=\"tournament-schedule-content\">\r\n                                   <h3>Noua Cool G7 RGB<\/h3>\r\n                                   <p><\/p>\r\n                                   <div class=\"tournament-schedule-meta\">\r\n                                       <h5>Price: <span><\/span><\/h5>\r\n                                       <a href=\"https:\/\/amzn.to\/32an2f0\" target=\"_blank\">INFO<\/a>\r\n                                   <\/div>\r\n                               <\/div>\r\n                           <\/div>\r\n                       <\/div>\r\n                                          <div class=\"col-lg-6\">\r\n                           <div class=\"latest-match-box mb-30\">\r\n                               <div class=\"latest-match-thumb\">\r\n                                   <img src=\"https:\/\/www.vsible.it\/gaming\/wp-content\/uploads\/2020\/08\/icon_COMPUTER_PROCESSOR.png\" alt=\"\">\r\n                               <\/div>\r\n                               <div class=\"tournament-schedule-content\">\r\n                                   <h3>AMD Ryzen 5 3600 <\/h3>\r\n                                   <p><\/p>\r\n                                   <div class=\"tournament-schedule-meta\">\r\n                                       <h5>Price: <span><\/span><\/h5>\r\n                                       <a href=\"https:\/\/amzn.to\/3hm2TqN\" target=\"_blank\">INFO<\/a>\r\n                                   <\/div>\r\n                               <\/div>\r\n                           <\/div>\r\n                       <\/div>\r\n                                          <div class=\"col-lg-6\">\r\n                           <div class=\"latest-match-box mb-30\">\r\n                               <div class=\"latest-match-thumb\">\r\n                                   <img src=\"https:\/\/www.vsible.it\/gaming\/wp-content\/uploads\/2020\/08\/icon_MOTHERBOARD.png\" alt=\"\">\r\n                               <\/div>\r\n                               <div class=\"tournament-schedule-content\">\r\n                                   <h3> MSI B450 Tomahawk MAX<\/h3>\r\n                                   <p><\/p>\r\n                                   <div class=\"tournament-schedule-meta\">\r\n                                       <h5>Price: <span>120<\/span><\/h5>\r\n                                       <a href=\"https:\/\/amzn.to\/2ZnBzC7\" target=\"_blank\">INFO<\/a>\r\n                                   <\/div>\r\n                               <\/div>\r\n                           <\/div>\r\n                       <\/div>\r\n                                          <div class=\"col-lg-6\">\r\n                           <div class=\"latest-match-box mb-30\">\r\n                               <div class=\"latest-match-thumb\">\r\n                                   <img src=\"https:\/\/www.vsible.it\/gaming\/wp-content\/uploads\/2020\/08\/icon_COMPUTER_COOLING_DEVICE.png\" alt=\"\">\r\n                               <\/div>\r\n                               <div class=\"tournament-schedule-content\">\r\n                                   <h3>Deepcool GAMMAXX GTE V2<\/h3>\r\n                                   <p><\/p>\r\n                                   <div class=\"tournament-schedule-meta\">\r\n                                       <h5>Price: <span>$120.00<\/span><\/h5>\r\n                                       <a href=\"https:\/\/amzn.to\/35qixz3\" target=\"_blank\">INFO<\/a>\r\n                                   <\/div>\r\n                               <\/div>\r\n                           <\/div>\r\n                       <\/div>\r\n                                          <div class=\"col-lg-6\">\r\n                           <div class=\"latest-match-box mb-30\">\r\n                               <div class=\"latest-match-thumb\">\r\n                                   <img src=\"https:\/\/www.vsible.it\/gaming\/wp-content\/uploads\/2020\/08\/icon_RAM_MEMORY.png\" alt=\"\">\r\n                               <\/div>\r\n                               <div class=\"tournament-schedule-content\">\r\n                                   <h3>XPG D41 2x8GB 3200MHz RGB<\/h3>\r\n                                   <p><\/p>\r\n                                   <div class=\"tournament-schedule-meta\">\r\n                                       <h5>Price: <span>$120.00<\/span><\/h5>\r\n                                       <a href=\"https:\/\/amzn.to\/3ihykUq\" target=\"_blank\">INFO<\/a>\r\n                                   <\/div>\r\n                               <\/div>\r\n                           <\/div>\r\n                       <\/div>\r\n                                          <div class=\"col-lg-6\">\r\n                           <div class=\"latest-match-box mb-30\">\r\n                               <div class=\"latest-match-thumb\">\r\n                                   <img src=\"https:\/\/www.vsible.it\/gaming\/wp-content\/uploads\/2020\/08\/icon_COMPUTER_DRIVE_OR_STORAGE.png\" alt=\"\">\r\n                               <\/div>\r\n                               <div class=\"tournament-schedule-content\">\r\n                                   <h3>XPG 256GB S11 Pro<\/h3>\r\n                                   <p><\/p>\r\n                                   <div class=\"tournament-schedule-meta\">\r\n                                       <h5>Price: <span>$120.00<\/span><\/h5>\r\n                                       <a href=\"https:\/\/amzn.to\/2FmXZMx\" target=\"_blank\">INFO<\/a>\r\n                                   <\/div>\r\n                               <\/div>\r\n                           <\/div>\r\n                       <\/div>\r\n                                          <div class=\"col-lg-6\">\r\n                           <div class=\"latest-match-box mb-30\">\r\n                               <div class=\"latest-match-thumb\">\r\n                                   <img src=\"https:\/\/www.vsible.it\/gaming\/wp-content\/uploads\/2020\/08\/icon_VIDEO_CARD.png\" alt=\"\">\r\n                               <\/div>\r\n                               <div class=\"tournament-schedule-content\">\r\n                                   <h3>MSI mech 5600xt<\/h3>\r\n                                   <p><\/p>\r\n                                   <div class=\"tournament-schedule-meta\">\r\n                                       <h5>Price: <span>$120.00<\/span><\/h5>\r\n                                       <a href=\"https:\/\/amzn.to\/3iezz6J\" target=\"_blank\">INFO<\/a>\r\n                                   <\/div>\r\n                               <\/div>\r\n                           <\/div>\r\n                       <\/div>\r\n                                          <div class=\"col-lg-6\">\r\n                           <div class=\"latest-match-box mb-30\">\r\n                               <div class=\"latest-match-thumb\">\r\n                                   <img src=\"https:\/\/www.vsible.it\/gaming\/wp-content\/uploads\/2020\/08\/icon_SYSTEM_POWER_DEVICE.png\" alt=\"\">\r\n                               <\/div>\r\n                               <div class=\"tournament-schedule-content\">\r\n                                   <h3>Riotoro Enigma G2 650W +80 Gold Fully Modular<\/h3>\r\n                                   <p><\/p>\r\n                                   <div class=\"tournament-schedule-meta\">\r\n                                       <h5>Price: <span>$120.00<\/span><\/h5>\r\n                                       <a href=\"https:\/\/amzn.to\/33eDie6\" target=\"_blank\">INFO<\/a>\r\n                                   <\/div>\r\n                               <\/div>\r\n                           <\/div>\r\n                       <\/div>\r\n                   \r\n               <\/div>\r\n           <\/div>\r\n       <\/section>\r\n\r\n   \t\t<\/div>\n\t\t\t\t<\/div>\n\t\t\t\t\t\t<\/div>\n\t\t\t\t\t<\/div>\n\t\t<\/div>\n\t\t\t\t\t\t\t\t<\/div>\n\t\t\t\t\t<\/div>\n\t\t<\/section>\n\t\t\t\t<section class=\"elementor-section elementor-top-section elementor-element elementor-element-60af7079 elementor-section-full_width elementor-section-height-default elementor-section-height-default\" data-id=\"60af7079\" data-element_type=\"section\" data-settings=\"{&quot;background_background&quot;:&quot;classic&quot;}\">\n\t\t\t\t\t\t<div class=\"elementor-container elementor-column-gap-no\">\n\t\t\t\t\t\t\t<div class=\"elementor-row\">\n\t\t\t\t\t<div class=\"elementor-column elementor-col-100 elementor-top-column elementor-element elementor-element-69b9c168\" data-id=\"69b9c168\" data-element_type=\"column\">\n\t\t\t<div class=\"elementor-column-wrap elementor-element-populated\">\n\t\t\t\t\t\t\t<div class=\"elementor-widget-wrap\">\n\t\t\t\t\t\t<section class=\"elementor-section elementor-inner-section elementor-element elementor-element-4e2306a2 elementor-section-boxed elementor-section-height-default elementor-section-height-default\" data-id=\"4e2306a2\" data-element_type=\"section\">\n\t\t\t\t\t\t<div class=\"elementor-container elementor-column-gap-default\">\n\t\t\t\t\t\t\t<div class=\"elementor-row\">\n\t\t\t\t\t<div class=\"elementor-column elementor-col-100 elementor-inner-column elementor-element elementor-element-4cef060\" data-id=\"4cef060\" data-element_type=\"column\">\n\t\t\t<div class=\"elementor-column-wrap elementor-element-populated\">\n\t\t\t\t\t\t\t<div class=\"elementor-widget-wrap\">\n\t\t\t\t\t\t<div class=\"elementor-element elementor-element-13ce12fe elementor-aspect-ratio-169 elementor-widget elementor-widget-video\" data-id=\"13ce12fe\" data-element_type=\"widget\" data-settings=\"{&quot;aspect_ratio&quot;:&quot;169&quot;}\" data-widget_type=\"video.default\">\n\t\t\t\t<div class=\"elementor-widget-container\">\n\t\t\t\t\t<div class=\"elementor-wrapper elementor-fit-aspect-ratio elementor-open-inline\">\n\t\t\t<iframe class=\"elementor-video-iframe\" allowfullscreen title=\"youtube Video Player\" src=\"https:\/\/www.youtube.com\/embed\/S-jF7KfvOfo?feature=oembed&amp;start&amp;end&amp;wmode=opaque&amp;loop=0&amp;controls=1&amp;mute=0&amp;rel=0&amp;modestbranding=0\"><\/iframe>\t\t<\/div>\n\t\t\t\t<\/div>\n\t\t\t\t<\/div>\n\t\t\t\t\t\t<\/div>\n\t\t\t\t\t<\/div>\n\t\t<\/div>\n\t\t\t\t\t\t\t\t<\/div>\n\t\t\t\t\t<\/div>\n\t\t<\/section>\n\t\t\t\t\t\t<\/div>\n\t\t\t\t\t<\/div>\n\t\t<\/div>\n\t\t\t\t\t\t\t\t<\/div>\n\t\t\t\t\t<\/div>\n\t\t<\/section>\n\t\t\t\t<section class=\"elementor-section elementor-top-section elementor-element elementor-element-73f0f403 elementor-section-full_width elementor-section-height-default elementor-section-height-default\" data-id=\"73f0f403\" data-element_type=\"section\">\n\t\t\t\t\t\t<div class=\"elementor-container elementor-column-gap-no\">\n\t\t\t\t\t\t\t<div class=\"elementor-row\">\n\t\t\t\t\t<div class=\"elementor-column elementor-col-100 elementor-top-column elementor-element elementor-element-4e09029f\" data-id=\"4e09029f\" data-element_type=\"column\">\n\t\t\t<div class=\"elementor-column-wrap elementor-element-populated\">\n\t\t\t\t\t\t\t<div class=\"elementor-widget-wrap\">\n\t\t\t\t\t\t<div class=\"elementor-element elementor-element-1ca3fe50 elementor-widget elementor-widget-spacer\" data-id=\"1ca3fe50\" data-element_type=\"widget\" data-widget_type=\"spacer.default\">\n\t\t\t\t<div class=\"elementor-widget-container\">\n\t\t\t\t\t<div class=\"elementor-spacer\">\n\t\t\t<div class=\"elementor-spacer-inner\"><\/div>\n\t\t<\/div>\n\t\t\t\t<\/div>\n\t\t\t\t<\/div>\n\t\t\t\t\t\t<\/div>\n\t\t\t\t\t<\/div>\n\t\t<\/div>\n\t\t\t\t\t\t\t\t<\/div>\n\t\t\t\t\t<\/div>\n\t\t<\/section>\n\t\t\t\t\t\t<\/div>\n\t\t\t\t\t\t<\/div>\n\t\t\t\t\t<\/div>\n\t\t","protected":false},"excerpt":{"rendered":"<p>PREZZO .1.279,00 \u20ac acquistabile anche a rate Perch\u00e9 lui \u00e8 RIBELLE e potenza ne ha da vendere! Nato dalla collaborazione con XFILE 360e Cast Informatica, questa build \u00e8 il top che si possa avere! compra sul sito di CAST 00 + in 1080p 00 + in 1080p 00 + in 1080p COMPONENTI Noua Cool G7 RGB Price: INFO AMD Ryzen<\/p>\n","protected":false},"author":2,"featured_media":0,"parent":465,"menu_order":0,"comment_status":"closed","ping_status":"closed","template":"templates\/template-banner.php","meta":{"_bbp_topic_count":0,"_bbp_reply_count":0,"_bbp_total_topic_count":0,"_bbp_total_reply_count":0,"_bbp_voice_count":0,"_bbp_anonymous_reply_count":0,"_bbp_topic_count_hidden":0,"_bbp_reply_count_hidden":0,"_bbp_forum_subforum_count":0},"_links":{"self":[{"href":"https:\/\/www.vsible.it\/gaming\/wp-json\/wp\/v2\/pages\/937"}],"collection":[{"href":"https:\/\/www.vsible.it\/gaming\/wp-json\/wp\/v2\/pages"}],"about":[{"href":"https:\/\/www.vsible.it\/gaming\/wp-json\/wp\/v2\/types\/page"}],"author":[{"embeddable":true,"href":"https:\/\/www.vsible.it\/gaming\/wp-json\/wp\/v2\/users\/2"}],"replies":[{"embeddable":true,"href":"https:\/\/www.vsible.it\/gaming\/wp-json\/wp\/v2\/comments?post=937"}],"version-history":[{"count":9,"href":"https:\/\/www.vsible.it\/gaming\/wp-json\/wp\/v2\/pages\/937\/revisions"}],"predecessor-version":[{"id":1138,"href":"https:\/\/www.vsible.it\/gaming\/wp-json\/wp\/v2\/pages\/937\/revisions\/1138"}],"up":[{"embeddable":true,"href":"https:\/\/www.vsible.it\/gaming\/wp-json\/wp\/v2\/pages\/465"}],"wp:attachment":[{"href":"https:\/\/www.vsible.it\/gaming\/wp-json\/wp\/v2\/media?parent=937"}],"curies":[{"name":"wp","href":"https:\/\/api.w.org\/{rel}","templated":true}]}}